{"id":1488,"date":"2021-11-12T09:14:44","date_gmt":"2021-11-12T09:14:44","guid":{"rendered":"https:\/\/garciadenovales.es\/?page_id=1488"},"modified":"2021-12-20T13:18:17","modified_gmt":"2021-12-20T13:18:17","slug":"customs-law","status":"publish","type":"page","link":"https:\/\/garciadenovales.es\/en\/customs-law\/","title":{"rendered":"Customs law"},"content":{"rendered":"\t\t<div data-elementor-type=\"wp-page\" data-elementor-id=\"1488\" class=\"elementor elementor-1488 elementor-1311\" data-elementor-post-type=\"page\">\n\t\t\t\t\t\t<section class=\"elementor-section elementor-top-section elementor-element elementor-element-44ebca5 elementor-section-boxed elementor-section-height-default elementor-section-height-default\" data-id=\"44ebca5\" data-element_type=\"section\" id=\"asesoria\" data-settings=\"{&quot;background_background&quot;:&quot;classic&quot;}\">\n\t\t\t\t\t\t<div class=\"elementor-container elementor-column-gap-default\">\n\t\t\t\t\t<div class=\"elementor-column elementor-col-50 elementor-top-column elementor-element elementor-element-561b309 elementor-invisible\" data-id=\"561b309\" data-element_type=\"column\" data-settings=\"{&quot;animation&quot;:&quot;fadeInLeft&quot;,&quot;animation_mobile&quot;:&quot;none&quot;}\">\n\t\t\t<div class=\"elementor-widget-wrap elementor-element-populated\">\n\t\t\t\t\t\t<div class=\"elementor-element elementor-element-4a6e2b7 elementor-position-left elementor-widget__width-inherit elementor-widget-mobile__width-initial elementor-view-default elementor-mobile-position-top elementor-vertical-align-top elementor-invisible elementor-widget elementor-widget-icon-box\" data-id=\"4a6e2b7\" data-element_type=\"widget\" data-settings=\"{&quot;_animation&quot;:&quot;fadeInLeft&quot;}\" data-widget_type=\"icon-box.default\">\n\t\t\t\t<div class=\"elementor-widget-container\">\n\t\t\t\t\t<div class=\"elementor-icon-box-wrapper\">\n\n\t\t\t\t\t\t<div class=\"elementor-icon-box-icon\">\n\t\t\t\t<span  class=\"elementor-icon elementor-animation-\">\n\t\t\t\t<svg xmlns=\"http:\/\/www.w3.org\/2000\/svg\" viewBox=\"0 0 20.65 46.56\"><defs><style>.cls-1{fill:#fff;}<\/style><\/defs><g id=\"Capa_2\" data-name=\"Capa 2\"><g id=\"Capa_1-2\" data-name=\"Capa 1\"><path class=\"cls-1\" d=\"M2.35,46.56,0,45.69,18.3,0l2.35.92Z\"><\/path><\/g><\/g><\/svg>\t\t\t\t<\/span>\n\t\t\t<\/div>\n\t\t\t\n\t\t\t\t\t\t<div class=\"elementor-icon-box-content\">\n\n\t\t\t\t\t\t\t\t\t<h1 class=\"elementor-icon-box-title\">\n\t\t\t\t\t\t<span  >\n\t\t\t\t\t\t\tCustoms Law\t\t\t\t\t\t<\/span>\n\t\t\t\t\t<\/h1>\n\t\t\t\t\n\t\t\t\t\n\t\t\t<\/div>\n\t\t\t\n\t\t<\/div>\n\t\t\t\t<\/div>\n\t\t\t\t<\/div>\n\t\t\t\t<div class=\"elementor-element elementor-element-51987f4 elementor-widget elementor-widget-heading\" data-id=\"51987f4\" data-element_type=\"widget\" data-widget_type=\"heading.default\">\n\t\t\t\t<div class=\"elementor-widget-container\">\n\t\t\t<h3 class=\"elementor-heading-title elementor-size-default\"><ul>\n<li>Tariff classification of goods <br><br><\/li>\n<li> Legal advice on rules of origin and certificates of origin of goods. <br><br><\/li>\n\n<li> Assessment of customs procedures and formalities in import and export transactions. <br><\/li><br>\n<li> Strategic planning by using Special Customs Regimes.<br><\/li><\/ul><\/h3>\t\t<\/div>\n\t\t\t\t<\/div>\n\t\t\t\t\t<\/div>\n\t\t<\/div>\n\t\t\t\t<div class=\"elementor-column elementor-col-50 elementor-top-column elementor-element elementor-element-9b4db51\" data-id=\"9b4db51\" data-element_type=\"column\" data-settings=\"{&quot;background_background&quot;:&quot;classic&quot;}\">\n\t\t\t<div class=\"elementor-widget-wrap\">\n\t\t\t\t\t\t\t<\/div>\n\t\t<\/div>\n\t\t\t\t\t<\/div>\n\t\t<\/section>\n\t\t\t\t<section class=\"elementor-section elementor-top-section elementor-element elementor-element-dc947a1 elementor-reverse-mobile elementor-section-boxed elementor-section-height-default elementor-section-height-default\" data-id=\"dc947a1\" data-element_type=\"section\" id=\"derecho-aduanero\">\n\t\t\t\t\t\t<div class=\"elementor-container elementor-column-gap-default\">\n\t\t\t\t\t<div class=\"elementor-column elementor-col-100 elementor-top-column elementor-element elementor-element-5f26ae7 elementor-invisible\" data-id=\"5f26ae7\" data-element_type=\"column\" data-settings=\"{&quot;animation_mobile&quot;:&quot;none&quot;,&quot;animation&quot;:&quot;fadeInRight&quot;}\">\n\t\t\t<div class=\"elementor-widget-wrap elementor-element-populated\">\n\t\t\t\t\t\t<div class=\"elementor-element elementor-element-92eece2 elementor-widget elementor-widget-heading\" data-id=\"92eece2\" data-element_type=\"widget\" data-widget_type=\"heading.default\">\n\t\t\t\t<div class=\"elementor-widget-container\">\n\t\t\t<h3 class=\"elementor-heading-title elementor-size-default\">How can we help you minimize risks arising from <br>customs procedures in foreign trade? <\/h3>\t\t<\/div>\n\t\t\t\t<\/div>\n\t\t\t\t<div class=\"elementor-element elementor-element-ee74964 elementor-widget elementor-widget-text-editor\" data-id=\"ee74964\" data-element_type=\"widget\" data-widget_type=\"text-editor.default\">\n\t\t\t\t<div class=\"elementor-widget-container\">\n\t\t\t\t\t\t\t<p class=\"p1\">Globalization has not only helped blur the borders among markets, but also offers a greater range of suppliers for any given product.<\/p><p class=\"p1\">Customs Regulations govern the exchange of goods among third countries. In a context of constant development of new regulations which affect transactions where several international legislations may converge, it becomes essential to obtain specialized advice to address the following questions:<\/p><p style=\"text-align: center;\"><span style=\"color: #18a7b5; font-size: 18pt;\"><strong> Our high level of specialization allows us provide accurate answers to the casuistry raised by our Clients in an agile and effective way. <\/strong><\/span><\/p><ul class=\"ul1\"><li class=\"li1\">Which is the suitable tariff classification for my product?<span class=\"Apple-converted-space\">\u00a0 <\/span>And for replacement and parts thereof? Is there any special treatment for unassembled or disassembled products?<br \/><br \/><\/li><li class=\"li1\">What customs duties apply to the import of my products in any given country? Is there any additional trade restriction? What are the implications of a product originating from the European Union or from a third country?<br \/><br \/><\/li><li class=\"li1\">When two or more countries are involved in the manufacturing of a product, can we identify the territory in which the last substantial transformation took place?<br \/><br \/><\/li><li class=\"li1\">Is my product eligible for preferential treatment in the import country based on its origin? Do we know what are the requirements for certifying the origin to take advantage of this?<\/li><\/ul><ul><li>Are we familiar with the customs procedures and formalities regarding import and export transactions? Do we need any import\/export license or certificate? Must our invoice comply with any specific formality for import customs clearance? Do we know the risks of exporting under Ex-works or DDP Incoterms 2020 Rules?<\/li><\/ul>\t\t\t\t\t\t<\/div>\n\t\t\t\t<\/div>\n\t\t\t\t\t<\/div>\n\t\t<\/div>\n\t\t\t\t\t<\/div>\n\t\t<\/section>\n\t\t\t\t<footer class=\"elementor-section elementor-top-section elementor-element elementor-element-1ac73aa8 elementor-section-content-middle elementor-section-boxed elementor-section-height-default elementor-section-height-default\" data-id=\"1ac73aa8\" data-element_type=\"section\" data-settings=\"{&quot;background_background&quot;:&quot;classic&quot;}\">\n\t\t\t\t\t\t<div class=\"elementor-container elementor-column-gap-default\">\n\t\t\t\t\t<div class=\"elementor-column elementor-col-100 elementor-top-column elementor-element elementor-element-1d33278e\" data-id=\"1d33278e\" data-element_type=\"column\">\n\t\t\t<div class=\"elementor-widget-wrap elementor-element-populated\">\n\t\t\t\t\t\t<section class=\"elementor-section elementor-inner-section elementor-element elementor-element-263313df elementor-section-content-middle elementor-hidden-desktop elementor-hidden-tablet elementor-section-boxed elementor-section-height-default elementor-section-height-default\" data-id=\"263313df\" data-element_type=\"section\">\n\t\t\t\t\t\t<div class=\"elementor-container elementor-column-gap-default\">\n\t\t\t\t\t<div class=\"elementor-column elementor-col-100 elementor-inner-column elementor-element elementor-element-6f01bb1f\" data-id=\"6f01bb1f\" data-element_type=\"column\">\n\t\t\t<div class=\"elementor-widget-wrap elementor-element-populated\">\n\t\t\t\t\t\t<div class=\"elementor-element elementor-element-20004464 elementor-widget elementor-widget-image\" data-id=\"20004464\" data-element_type=\"widget\" data-widget_type=\"image.default\">\n\t\t\t\t<div class=\"elementor-widget-container\">\n\t\t\t\t\t\t\t\t\t\t\t\t\t\t<a href=\"https:\/\/garciadenovales.es\/en\/\">\n\t\t\t\t\t\t\t<img fetchpriority=\"high\" decoding=\"async\" width=\"1765\" height=\"312\" src=\"https:\/\/garciadenovales.es\/wp-content\/uploads\/2021\/06\/logotipo-blanco-lema.png\" class=\"attachment-full size-full wp-image-580\" alt=\"\" srcset=\"https:\/\/garciadenovales.es\/wp-content\/uploads\/2021\/06\/logotipo-blanco-lema.png 1765w, https:\/\/garciadenovales.es\/wp-content\/uploads\/2021\/06\/logotipo-blanco-lema-300x53.png 300w, https:\/\/garciadenovales.es\/wp-content\/uploads\/2021\/06\/logotipo-blanco-lema-1024x181.png 1024w, https:\/\/garciadenovales.es\/wp-content\/uploads\/2021\/06\/logotipo-blanco-lema-768x136.png 768w, https:\/\/garciadenovales.es\/wp-content\/uploads\/2021\/06\/logotipo-blanco-lema-1536x272.png 1536w\" sizes=\"(max-width: 1765px) 100vw, 1765px\" \/>\t\t\t\t\t\t\t\t<\/a>\n\t\t\t\t\t\t\t\t\t\t\t\t\t<\/div>\n\t\t\t\t<\/div>\n\t\t\t\t<div class=\"elementor-element elementor-element-1ed99432 elementor-widget elementor-widget-text-editor\" data-id=\"1ed99432\" data-element_type=\"widget\" data-widget_type=\"text-editor.default\">\n\t\t\t\t<div class=\"elementor-widget-container\">\n\t\t\t\t\t\t\t<p><strong style=\"font-size: 25px; font-family: austin-regular; letter-spacing: 1.5px;\">Contact us<\/strong><\/p><p>P\u00baIndependencia 8, dupl., 2\u00aa pl.<br \/>E-50004 Zaragoza (Spain)<br \/>T. +34 976 468 323<br \/>info@garciadenovales.es<br \/>garciadenovales.es<\/p>\t\t\t\t\t\t<\/div>\n\t\t\t\t<\/div>\n\t\t\t\t<div class=\"elementor-element elementor-element-1eab6ba5 elementor-shape-square e-grid-align-left elementor-grid-0 elementor-widget elementor-widget-social-icons\" data-id=\"1eab6ba5\" data-element_type=\"widget\" data-widget_type=\"social-icons.default\">\n\t\t\t\t<div class=\"elementor-widget-container\">\n\t\t\t\t\t<div class=\"elementor-social-icons-wrapper elementor-grid\">\n\t\t\t\t\t\t\t<span class=\"elementor-grid-item\">\n\t\t\t\t\t<a class=\"elementor-icon elementor-social-icon elementor-social-icon-linkedin elementor-repeater-item-da02fe3\" href=\"https:\/\/www.linkedin.com\/company\/garc%C3%ADa-de-novales-asesor%C3%ADa-jur%C3%ADdica-para-comercio-exterior\/\" target=\"_blank\">\n\t\t\t\t\t\t<span class=\"elementor-screen-only\">Linkedin<\/span>\n\t\t\t\t\t\t<i class=\"fab fa-linkedin\"><\/i>\t\t\t\t\t<\/a>\n\t\t\t\t<\/span>\n\t\t\t\t\t<\/div>\n\t\t\t\t<\/div>\n\t\t\t\t<\/div>\n\t\t\t\t<div class=\"elementor-element elementor-element-63d9cdfd elementor-widget elementor-widget-text-editor\" data-id=\"63d9cdfd\" data-element_type=\"widget\" data-widget_type=\"text-editor.default\">\n\t\t\t\t<div class=\"elementor-widget-container\">\n\t\t\t\t\t\t\t<span style=\"color: #ffffff;\"><a style=\"color: #ffffff;\" href=\"https:\/\/garciadenovales.es\/aviso-legal\/\">Legal advice<\/a><\/span>\n<span style=\"color: #ffffff;\"><a style=\"color: #ffffff;\" href=\"https:\/\/garciadenovales.es\/politica-privacidad\/\">Privacy policy<\/a><\/span>\t\t\t\t\t\t<\/div>\n\t\t\t\t<\/div>\n\t\t\t\t\t<\/div>\n\t\t<\/div>\n\t\t\t\t\t<\/div>\n\t\t<\/section>\n\t\t\t\t<section class=\"elementor-section elementor-inner-section elementor-element elementor-element-6bd7c4b8 elementor-section-content-middle elementor-hidden-phone elementor-section-boxed elementor-section-height-default elementor-section-height-default\" data-id=\"6bd7c4b8\" data-element_type=\"section\">\n\t\t\t\t\t\t<div class=\"elementor-container elementor-column-gap-default\">\n\t\t\t\t\t<div class=\"elementor-column elementor-col-33 elementor-inner-column elementor-element elementor-element-45c5973\" data-id=\"45c5973\" data-element_type=\"column\">\n\t\t\t<div class=\"elementor-widget-wrap elementor-element-populated\">\n\t\t\t\t\t\t<div class=\"elementor-element elementor-element-5256a892 elementor-widget elementor-widget-image\" data-id=\"5256a892\" data-element_type=\"widget\" data-widget_type=\"image.default\">\n\t\t\t\t<div class=\"elementor-widget-container\">\n\t\t\t\t\t\t\t\t\t\t\t\t\t\t<a href=\"https:\/\/garciadenovales.es\/en\/\">\n\t\t\t\t\t\t\t<img fetchpriority=\"high\" decoding=\"async\" width=\"1765\" height=\"312\" src=\"https:\/\/garciadenovales.es\/wp-content\/uploads\/2021\/06\/logotipo-blanco-lema.png\" class=\"attachment-full size-full wp-image-580\" alt=\"\" srcset=\"https:\/\/garciadenovales.es\/wp-content\/uploads\/2021\/06\/logotipo-blanco-lema.png 1765w, https:\/\/garciadenovales.es\/wp-content\/uploads\/2021\/06\/logotipo-blanco-lema-300x53.png 300w, https:\/\/garciadenovales.es\/wp-content\/uploads\/2021\/06\/logotipo-blanco-lema-1024x181.png 1024w, https:\/\/garciadenovales.es\/wp-content\/uploads\/2021\/06\/logotipo-blanco-lema-768x136.png 768w, https:\/\/garciadenovales.es\/wp-content\/uploads\/2021\/06\/logotipo-blanco-lema-1536x272.png 1536w\" sizes=\"(max-width: 1765px) 100vw, 1765px\" \/>\t\t\t\t\t\t\t\t<\/a>\n\t\t\t\t\t\t\t\t\t\t\t\t\t<\/div>\n\t\t\t\t<\/div>\n\t\t\t\t\t<\/div>\n\t\t<\/div>\n\t\t\t\t<div class=\"elementor-column elementor-col-33 elementor-inner-column elementor-element elementor-element-2a97d2b0\" data-id=\"2a97d2b0\" data-element_type=\"column\">\n\t\t\t<div class=\"elementor-widget-wrap elementor-element-populated\">\n\t\t\t\t\t\t<div class=\"elementor-element elementor-element-18a18936 elementor-widget elementor-widget-text-editor\" data-id=\"18a18936\" data-element_type=\"widget\" data-widget_type=\"text-editor.default\">\n\t\t\t\t<div class=\"elementor-widget-container\">\n\t\t\t\t\t\t\t<p><strong style=\"font-size: 25px; font-family: austin-regular; letter-spacing: 2px;\">Contact us<\/strong><\/p><p>P\u00baIndependencia 8, dupl., 2\u00aa pl.<br \/>E-50004 Zaragoza (Spain)<br \/>T. +34 976 468 323<br \/>info@garciadenovales.es<\/p>\t\t\t\t\t\t<\/div>\n\t\t\t\t<\/div>\n\t\t\t\t\t<\/div>\n\t\t<\/div>\n\t\t\t\t<div class=\"elementor-column elementor-col-33 elementor-inner-column elementor-element elementor-element-405f34a5\" data-id=\"405f34a5\" data-element_type=\"column\">\n\t\t\t<div class=\"elementor-widget-wrap elementor-element-populated\">\n\t\t\t\t\t\t<div class=\"elementor-element elementor-element-2765033e elementor-shape-square e-grid-align-left elementor-grid-0 elementor-widget elementor-widget-social-icons\" data-id=\"2765033e\" data-element_type=\"widget\" data-widget_type=\"social-icons.default\">\n\t\t\t\t<div class=\"elementor-widget-container\">\n\t\t\t\t\t<div class=\"elementor-social-icons-wrapper elementor-grid\">\n\t\t\t\t\t\t\t<span class=\"elementor-grid-item\">\n\t\t\t\t\t<a class=\"elementor-icon elementor-social-icon elementor-social-icon-linkedin elementor-repeater-item-da02fe3\" href=\"https:\/\/www.linkedin.com\/company\/garc%C3%ADa-de-novales-asesor%C3%ADa-jur%C3%ADdica-para-comercio-exterior\/\" target=\"_blank\">\n\t\t\t\t\t\t<span class=\"elementor-screen-only\">Linkedin<\/span>\n\t\t\t\t\t\t<i class=\"fab fa-linkedin\"><\/i>\t\t\t\t\t<\/a>\n\t\t\t\t<\/span>\n\t\t\t\t\t<\/div>\n\t\t\t\t<\/div>\n\t\t\t\t<\/div>\n\t\t\t\t<div class=\"elementor-element elementor-element-9e3ce64 elementor-widget elementor-widget-text-editor\" data-id=\"9e3ce64\" data-element_type=\"widget\" data-widget_type=\"text-editor.default\">\n\t\t\t\t<div class=\"elementor-widget-container\">\n\t\t\t\t\t\t\t<p><span style=\"color: #ffffff;\"><a style=\"color: #ffffff;\" href=\"https:\/\/garciadenovales.es\/aviso-legal\/\">Legal advice<\/a><\/span><br \/><span style=\"color: #ffffff;\"><a style=\"color: #ffffff;\" href=\"https:\/\/garciadenovales.es\/politica-privacidad\/\">Privacy policy<\/a><\/span><\/p>\t\t\t\t\t\t<\/div>\n\t\t\t\t<\/div>\n\t\t\t\t\t<\/div>\n\t\t<\/div>\n\t\t\t\t\t<\/div>\n\t\t<\/section>\n\t\t\t\t\t<\/div>\n\t\t<\/div>\n\t\t\t\t\t<\/div>\n\t\t<\/footer>\n\t\t\t\t<\/div>\n\t\t","protected":false},"excerpt":{"rendered":"<p>Customs Law Tariff classification of goods Legal advice on rules of origin and certificates of origin of goods. Assessment of customs procedures and formalities in import and export transactions. Strategic planning by using Special Customs Regimes. How can we help you minimize risks arising from customs procedures in foreign trade? Globalization has not only helped &#8230; <a title=\"Customs law\" class=\"read-more\" href=\"https:\/\/garciadenovales.es\/en\/customs-law\/\" aria-label=\"More on Customs law\">Read more<\/a><\/p>\n","protected":false},"author":1,"featured_media":0,"parent":0,"menu_order":0,"comment_status":"closed","ping_status":"closed","template":"elementor_header_footer","meta":{"footnotes":""},"yoast_head":"<!-- This site is optimized with the Yoast SEO plugin v23.7 - https:\/\/yoast.com\/wordpress\/plugins\/seo\/ -->\n<title>Customs law ~ Garc\u00eda de Novales<\/title>\n<meta name=\"robots\" content=\"index, follow, max-snippet:-1, max-image-preview:large, max-video-preview:-1\" \/>\n<link rel=\"canonical\" href=\"https:\/\/garciadenovales.es\/en\/customs-law\/\" \/>\n<meta property=\"og:locale\" content=\"en_US\" \/>\n<meta property=\"og:type\" content=\"article\" \/>\n<meta property=\"og:title\" content=\"Customs law ~ Garc\u00eda de Novales\" \/>\n<meta property=\"og:description\" content=\"Customs Law Tariff classification of goods Legal advice on rules of origin and certificates of origin of goods. Assessment of customs procedures and formalities in import and export transactions. Strategic planning by using Special Customs Regimes. How can we help you minimize risks arising from customs procedures in foreign trade? Globalization has not only helped ... Read more\" \/>\n<meta property=\"og:url\" content=\"https:\/\/garciadenovales.es\/en\/customs-law\/\" \/>\n<meta property=\"og:site_name\" content=\"Garc\u00eda de Novales\" \/>\n<meta property=\"article:modified_time\" content=\"2021-12-20T13:18:17+00:00\" \/>\n<meta property=\"og:image\" content=\"https:\/\/garciadenovales.es\/wp-content\/uploads\/2021\/06\/logotipo-blanco-lema.png\" \/>\n<meta name=\"twitter:card\" content=\"summary_large_image\" \/>\n<meta name=\"twitter:label1\" content=\"Est. reading time\" \/>\n\t<meta name=\"twitter:data1\" content=\"2 minutes\" \/>\n<script type=\"application\/ld+json\" class=\"yoast-schema-graph\">{\"@context\":\"https:\/\/schema.org\",\"@graph\":[{\"@type\":\"WebPage\",\"@id\":\"https:\/\/garciadenovales.es\/en\/customs-law\/\",\"url\":\"https:\/\/garciadenovales.es\/en\/customs-law\/\",\"name\":\"Customs law ~ Garc\u00eda de Novales\",\"isPartOf\":{\"@id\":\"https:\/\/garciadenovales.es\/en\/#website\"},\"primaryImageOfPage\":{\"@id\":\"https:\/\/garciadenovales.es\/en\/customs-law\/#primaryimage\"},\"image\":{\"@id\":\"https:\/\/garciadenovales.es\/en\/customs-law\/#primaryimage\"},\"thumbnailUrl\":\"https:\/\/garciadenovales.es\/wp-content\/uploads\/2021\/06\/logotipo-blanco-lema.png\",\"datePublished\":\"2021-11-12T09:14:44+00:00\",\"dateModified\":\"2021-12-20T13:18:17+00:00\",\"breadcrumb\":{\"@id\":\"https:\/\/garciadenovales.es\/en\/customs-law\/#breadcrumb\"},\"inLanguage\":\"en-US\",\"potentialAction\":[{\"@type\":\"ReadAction\",\"target\":[\"https:\/\/garciadenovales.es\/en\/customs-law\/\"]}]},{\"@type\":\"ImageObject\",\"inLanguage\":\"en-US\",\"@id\":\"https:\/\/garciadenovales.es\/en\/customs-law\/#primaryimage\",\"url\":\"https:\/\/garciadenovales.es\/wp-content\/uploads\/2021\/06\/logotipo-blanco-lema.png\",\"contentUrl\":\"https:\/\/garciadenovales.es\/wp-content\/uploads\/2021\/06\/logotipo-blanco-lema.png\"},{\"@type\":\"BreadcrumbList\",\"@id\":\"https:\/\/garciadenovales.es\/en\/customs-law\/#breadcrumb\",\"itemListElement\":[{\"@type\":\"ListItem\",\"position\":1,\"name\":\"Portada\",\"item\":\"https:\/\/garciadenovales.es\/en\/\"},{\"@type\":\"ListItem\",\"position\":2,\"name\":\"Customs law\"}]},{\"@type\":\"WebSite\",\"@id\":\"https:\/\/garciadenovales.es\/en\/#website\",\"url\":\"https:\/\/garciadenovales.es\/en\/\",\"name\":\"Garc\u00eda de Novales\",\"description\":\"Asesor\u00eda jur\u00eddica para comercio exterior\",\"publisher\":{\"@id\":\"https:\/\/garciadenovales.es\/en\/#organization\"},\"potentialAction\":[{\"@type\":\"SearchAction\",\"target\":{\"@type\":\"EntryPoint\",\"urlTemplate\":\"https:\/\/garciadenovales.es\/en\/?s={search_term_string}\"},\"query-input\":{\"@type\":\"PropertyValueSpecification\",\"valueRequired\":true,\"valueName\":\"search_term_string\"}}],\"inLanguage\":\"en-US\"},{\"@type\":\"Organization\",\"@id\":\"https:\/\/garciadenovales.es\/en\/#organization\",\"name\":\"Garc\u00eda de Novales\",\"url\":\"https:\/\/garciadenovales.es\/en\/\",\"logo\":{\"@type\":\"ImageObject\",\"inLanguage\":\"en-US\",\"@id\":\"https:\/\/garciadenovales.es\/en\/#\/schema\/logo\/image\/\",\"url\":\"https:\/\/garciadenovales.es\/wp-content\/uploads\/2021\/06\/vgn-verde-bien.png\",\"contentUrl\":\"https:\/\/garciadenovales.es\/wp-content\/uploads\/2021\/06\/vgn-verde-bien.png\",\"width\":613,\"height\":212,\"caption\":\"Garc\u00eda de Novales\"},\"image\":{\"@id\":\"https:\/\/garciadenovales.es\/en\/#\/schema\/logo\/image\/\"},\"sameAs\":[\"https:\/\/www.linkedin.com\/company\/garc\u00eda-de-novales-asesor\u00eda-jur\u00eddica-para-comercio-exterior\/\"]}]}<\/script>\n<!-- \/ Yoast SEO plugin. -->","yoast_head_json":{"title":"Customs law ~ Garc\u00eda de Novales","robots":{"index":"index","follow":"follow","max-snippet":"max-snippet:-1","max-image-preview":"max-image-preview:large","max-video-preview":"max-video-preview:-1"},"canonical":"https:\/\/garciadenovales.es\/en\/customs-law\/","og_locale":"en_US","og_type":"article","og_title":"Customs law ~ Garc\u00eda de Novales","og_description":"Customs Law Tariff classification of goods Legal advice on rules of origin and certificates of origin of goods. Assessment of customs procedures and formalities in import and export transactions. Strategic planning by using Special Customs Regimes. How can we help you minimize risks arising from customs procedures in foreign trade? Globalization has not only helped ... Read more","og_url":"https:\/\/garciadenovales.es\/en\/customs-law\/","og_site_name":"Garc\u00eda de Novales","article_modified_time":"2021-12-20T13:18:17+00:00","og_image":[{"url":"https:\/\/garciadenovales.es\/wp-content\/uploads\/2021\/06\/logotipo-blanco-lema.png"}],"twitter_card":"summary_large_image","twitter_misc":{"Est. reading time":"2 minutes"},"schema":{"@context":"https:\/\/schema.org","@graph":[{"@type":"WebPage","@id":"https:\/\/garciadenovales.es\/en\/customs-law\/","url":"https:\/\/garciadenovales.es\/en\/customs-law\/","name":"Customs law ~ Garc\u00eda de Novales","isPartOf":{"@id":"https:\/\/garciadenovales.es\/en\/#website"},"primaryImageOfPage":{"@id":"https:\/\/garciadenovales.es\/en\/customs-law\/#primaryimage"},"image":{"@id":"https:\/\/garciadenovales.es\/en\/customs-law\/#primaryimage"},"thumbnailUrl":"https:\/\/garciadenovales.es\/wp-content\/uploads\/2021\/06\/logotipo-blanco-lema.png","datePublished":"2021-11-12T09:14:44+00:00","dateModified":"2021-12-20T13:18:17+00:00","breadcrumb":{"@id":"https:\/\/garciadenovales.es\/en\/customs-law\/#breadcrumb"},"inLanguage":"en-US","potentialAction":[{"@type":"ReadAction","target":["https:\/\/garciadenovales.es\/en\/customs-law\/"]}]},{"@type":"ImageObject","inLanguage":"en-US","@id":"https:\/\/garciadenovales.es\/en\/customs-law\/#primaryimage","url":"https:\/\/garciadenovales.es\/wp-content\/uploads\/2021\/06\/logotipo-blanco-lema.png","contentUrl":"https:\/\/garciadenovales.es\/wp-content\/uploads\/2021\/06\/logotipo-blanco-lema.png"},{"@type":"BreadcrumbList","@id":"https:\/\/garciadenovales.es\/en\/customs-law\/#breadcrumb","itemListElement":[{"@type":"ListItem","position":1,"name":"Portada","item":"https:\/\/garciadenovales.es\/en\/"},{"@type":"ListItem","position":2,"name":"Customs law"}]},{"@type":"WebSite","@id":"https:\/\/garciadenovales.es\/en\/#website","url":"https:\/\/garciadenovales.es\/en\/","name":"Garc\u00eda de Novales","description":"Asesor\u00eda jur\u00eddica para comercio exterior","publisher":{"@id":"https:\/\/garciadenovales.es\/en\/#organization"},"potentialAction":[{"@type":"SearchAction","target":{"@type":"EntryPoint","urlTemplate":"https:\/\/garciadenovales.es\/en\/?s={search_term_string}"},"query-input":{"@type":"PropertyValueSpecification","valueRequired":true,"valueName":"search_term_string"}}],"inLanguage":"en-US"},{"@type":"Organization","@id":"https:\/\/garciadenovales.es\/en\/#organization","name":"Garc\u00eda de Novales","url":"https:\/\/garciadenovales.es\/en\/","logo":{"@type":"ImageObject","inLanguage":"en-US","@id":"https:\/\/garciadenovales.es\/en\/#\/schema\/logo\/image\/","url":"https:\/\/garciadenovales.es\/wp-content\/uploads\/2021\/06\/vgn-verde-bien.png","contentUrl":"https:\/\/garciadenovales.es\/wp-content\/uploads\/2021\/06\/vgn-verde-bien.png","width":613,"height":212,"caption":"Garc\u00eda de Novales"},"image":{"@id":"https:\/\/garciadenovales.es\/en\/#\/schema\/logo\/image\/"},"sameAs":["https:\/\/www.linkedin.com\/company\/garc\u00eda-de-novales-asesor\u00eda-jur\u00eddica-para-comercio-exterior\/"]}]}},"_links":{"self":[{"href":"https:\/\/garciadenovales.es\/en\/wp-json\/wp\/v2\/pages\/1488"}],"collection":[{"href":"https:\/\/garciadenovales.es\/en\/wp-json\/wp\/v2\/pages"}],"about":[{"href":"https:\/\/garciadenovales.es\/en\/wp-json\/wp\/v2\/types\/page"}],"author":[{"embeddable":true,"href":"https:\/\/garciadenovales.es\/en\/wp-json\/wp\/v2\/users\/1"}],"replies":[{"embeddable":true,"href":"https:\/\/garciadenovales.es\/en\/wp-json\/wp\/v2\/comments?post=1488"}],"version-history":[{"count":20,"href":"https:\/\/garciadenovales.es\/en\/wp-json\/wp\/v2\/pages\/1488\/revisions"}],"predecessor-version":[{"id":1624,"href":"https:\/\/garciadenovales.es\/en\/wp-json\/wp\/v2\/pages\/1488\/revisions\/1624"}],"wp:attachment":[{"href":"https:\/\/garciadenovales.es\/en\/wp-json\/wp\/v2\/media?parent=1488"}],"curies":[{"name":"wp","href":"https:\/\/api.w.org\/{rel}","templated":true}]}}